{"id":3441,"date":"2021-09-18T19:02:52","date_gmt":"2021-09-18T19:02:52","guid":{"rendered":"https:\/\/finangeste.pt\/?page_id=3441"},"modified":"2021-09-22T15:27:35","modified_gmt":"2021-09-22T15:27:35","slug":"privacy-policy-2","status":"publish","type":"page","link":"https:\/\/finangeste.pt\/pt\/privacy-policy-2\/","title":{"rendered":"Termos e condi\u00e7\u00f5es de utiliza\u00e7\u00e3o do website"},"content":{"rendered":"","protected":false},"excerpt":{"rendered":"","protected":false},"author":1,"featured_media":0,"parent":0,"menu_order":46,"comment_status":"closed","ping_status":"closed","template":"","meta":{"footnotes":""},"class_list":["post-3441","page","type-page","status-publish","hentry"],"_links":{"self":[{"href":"https:\/\/finangeste.pt\/pt\/wp-json\/wp\/v2\/pages\/3441","targetHints":{"allow":["GET"]}}],"collection":[{"href":"https:\/\/finangeste.pt\/pt\/wp-json\/wp\/v2\/pages"}],"about":[{"href":"https:\/\/finangeste.pt\/pt\/wp-json\/wp\/v2\/types\/page"}],"author":[{"embeddable":true,"href":"https:\/\/finangeste.pt\/pt\/wp-json\/wp\/v2\/users\/1"}],"replies":[{"embeddable":true,"href":"https:\/\/finangeste.pt\/pt\/wp-json\/wp\/v2\/comments?post=3441"}],"version-history":[{"count":5,"href":"https:\/\/finangeste.pt\/pt\/wp-json\/wp\/v2\/pages\/3441\/revisions"}],"predecessor-version":[{"id":3503,"href":"https:\/\/finangeste.pt\/pt\/wp-json\/wp\/v2\/pages\/3441\/revisions\/3503"}],"wp:attachment":[{"href":"https:\/\/finangeste.pt\/pt\/wp-json\/wp\/v2\/media?parent=3441"}],"curies":[{"name":"wp","href":"https:\/\/api.w.org\/{rel}","templated":true}]}}